{"id":3198,"date":"2025-06-04T01:12:39","date_gmt":"2025-06-04T01:12:39","guid":{"rendered":"https:\/\/www.carbon-fiber-corp.com\/?post_type=product&#038;p=3198"},"modified":"2025-06-04T01:12:41","modified_gmt":"2025-06-04T01:12:41","slug":"carbon-fiber-motorcycle-exhaust-pipe","status":"publish","type":"product","link":"https:\/\/www.carbon-fiber-corp.com\/fr\/product\/carbon-fiber-motorcycle-exhaust-pipe\/","title":{"rendered":"Pot d'\u00e9chappement en fibre de carbone pour motos"},"content":{"rendered":"<p class=\"p1\"><span class=\"s1\"><b>Nom du produit :<\/b><\/span> Carbon Fiber Motorcycle Exhaust Pipe<\/p>\n<p class=\"p3\"><b>Product Overview:<\/b><b><\/b><\/p>\n<p class=\"p1\">Con\u00e7u pour la performance et l'esth\u00e9tique, ce tuyau d'\u00e9chappement de moto haut de gamme est dot\u00e9 d'un embout en fibre de carbone combin\u00e9 \u00e0 un corps en acier inoxydable. Con\u00e7u pour optimiser le flux d'air, r\u00e9duire le poids et rehausser le look agressif de votre moto, c'est l'am\u00e9lioration parfaite pour les motocyclistes qui exigent \u00e0 la fois style et substance.<\/p>\n<p class=\"p3\"><b>Caract\u00e9ristiques principales :<\/b><b><\/b><\/p>\n<p class=\"p4\">\n<ul>\n<li>\n<p class=\"p1\">&#x1f3c1; <span class=\"s1\"><b>Performance-Driven Design:<\/b><\/span> Improves exhaust efficiency and throttle response<\/p>\n<\/li>\n<li>\n<p class=\"p1\">&#x1f9f1; <span class=\"s1\"><b>Carbon Fiber End Cap:<\/b><\/span> Lightweight, heat-resistant, and visually striking<\/p>\n<\/li>\n<li>\n<p class=\"p1\">&#x1f529; <span class=\"s1\"><b>Stainless Steel Body:<\/b><\/span> Corrosion-resistant and durable under extreme conditions<\/p>\n<\/li>\n<li>\n<p class=\"p1\">&#x1f507; <span class=\"s1\"><b>Enhanced Sound Tuning:<\/b><\/span> Delivers a deep, sporty tone without excessive noise<\/p>\n<\/li>\n<li>\n<p class=\"p1\">&#x2699;&#xfe0f; <span class=\"s1\"><b>Installation facile :<\/b><\/span> Bolt-on fitment compatible with most sport and street motorcycles<\/p>\n<\/li>\n<\/ul>\n<p>&nbsp;<\/p>\n<p class=\"p3\"><b>Applications:<\/b><b><\/b><\/p>\n<p class=\"p1\">Suitable for sport bikes, naked bikes, and high-performance custom builds seeking weight reduction and visual impact.<\/p>","protected":false},"excerpt":{"rendered":"<p>Con\u00e7u pour la performance et l'esth\u00e9tique, ce tuyau d'\u00e9chappement de moto haut de gamme est dot\u00e9 d'un embout en fibre de carbone combin\u00e9 \u00e0 un corps en acier inoxydable. Con\u00e7u pour optimiser le flux d'air, r\u00e9duire le poids et rehausser le look agressif de votre moto, c'est l'am\u00e9lioration parfaite pour les motocyclistes qui exigent \u00e0 la fois style et substance.<\/p>","protected":false},"featured_media":3200,"template":"","meta":{"_seopress_robots_primary_cat":"","_seopress_titles_title":"","_seopress_titles_desc":"","_seopress_robots_index":"","_uag_custom_page_level_css":"","site-sidebar-layout":"default","site-content-layout":"","ast-site-content-layout":"default","site-content-style":"default","site-sidebar-style":"default","ast-global-header-display":"","ast-banner-title-visibility":"","ast-main-header-display":"","ast-hfb-above-header-display":"","ast-hfb-below-header-display":"","ast-hfb-mobile-header-display":"","site-post-title":"","ast-breadcrumbs-content":"","ast-featured-img":"","footer-sml-layout":"","ast-disable-related-posts":"","theme-transparent-header-meta":"default","adv-header-id-meta":"","stick-header-meta":"default","header-above-stick-meta":"","header-main-stick-meta":"","header-below-stick-meta":"","astra-migrate-meta-layouts":"set","ast-page-background-enabled":"default","ast-page-background-meta":{"desktop":{"background-color":"","background-image":"","background-repeat":"repeat","background-position":"center center","background-size":"auto","background-attachment":"scroll","background-type":"","background-media":"","overlay-type":"","overlay-color":"","overlay-opacity":"","overlay-gradient":""},"tablet":{"background-color":"","background-image":"","background-repeat":"repeat","background-position":"center center","background-size":"auto","background-attachment":"scroll","background-type":"","background-media":"","overlay-type":"","overlay-color":"","overlay-opacity":"","overlay-gradient":""},"mobile":{"background-color":"","background-image":"","background-repeat":"repeat","background-position":"center center","background-size":"auto","background-attachment":"scroll","background-type":"","background-media":"","overlay-type":"","overlay-color":"","overlay-opacity":"","overlay-gradient":""}},"ast-content-background-meta":{"desktop":{"background-color":"var(--ast-global-color-5)","background-image":"","background-repeat":"repeat","background-position":"center center","background-size":"auto","background-attachment":"scroll","background-type":"","background-media":"","overlay-type":"","overlay-color":"","overlay-opacity":"","overlay-gradient":""},"tablet":{"background-color":"var(--ast-global-color-5)","background-image":"","background-repeat":"repeat","background-position":"center center","background-size":"auto","background-attachment":"scroll","background-type":"","background-media":"","overlay-type":"","overlay-color":"","overlay-opacity":"","overlay-gradient":""},"mobile":{"background-color":"var(--ast-global-color-5)","background-image":"","background-repeat":"repeat","background-position":"center center","background-size":"auto","background-attachment":"scroll","background-type":"","background-media":"","overlay-type":"","overlay-color":"","overlay-opacity":"","overlay-gradient":""}},"iawp_total_views":1},"product_brand":[],"product_cat":[31],"product_tag":[],"class_list":{"0":"post-3198","1":"product","2":"type-product","3":"status-publish","4":"has-post-thumbnail","6":"product_cat-carbon-fiber-motorcycle-parts","7":"desktop-align-left","8":"tablet-align-left","9":"mobile-align-left","10":"ast-product-gallery-layout-horizontal-slider","11":"ast-product-gallery-with-no-image","12":"ast-magnify-disabled","13":"ast-product-tabs-layout-horizontal","14":"ast-qv-on-image","16":"first","17":"instock","18":"shipping-taxable","19":"product-type-simple"},"spectra_custom_meta":{"_edit_last":["1"],"_edit_lock":["1749000608:1"],"_thumbnail_id":["3200"],"total_sales":["0"],"_tax_status":["taxable"],"_tax_class":[""],"_manage_stock":["no"],"_backorders":["no"],"_sold_individually":["no"],"_virtual":["no"],"_downloadable":["no"],"_download_limit":["-1"],"_download_expiry":["-1"],"_stock":[null],"_stock_status":["instock"],"_wc_average_rating":["0"],"_wc_review_count":["0"],"_product_version":["9.8.5"],"_seopress_redirections_type":["301"],"_seopress_redirections_logged_status":["both"],"_seopress_analysis_target_kw":[""],"site-sidebar-layout":["default"],"ast-site-content-layout":["default"],"site-content-style":["default"],"site-sidebar-style":["default"],"theme-transparent-header-meta":["default"],"astra-migrate-meta-layouts":["set"],"stick-header-meta":["default"],"_uag_css_file_name":["uag-css-3198.css"],"iawp_total_views":["1"],"_uag_page_assets":["a:9:{s:3:\"css\";s:0:\"\";s:2:\"js\";s:0:\"\";s:18:\"current_block_list\";a:10:{i:0;s:11:\"core\/search\";i:1;s:10:\"core\/group\";i:2;s:12:\"core\/heading\";i:3;s:17:\"core\/latest-posts\";i:4;s:20:\"core\/latest-comments\";i:5;s:13:\"core\/archives\";i:6;s:15:\"core\/categories\";i:7;s:26:\"woocommerce\/filter-wrapper\";i:8;s:24:\"woocommerce\/price-filter\";i:9;s:30:\"woocommerce\/product-categories\";}s:8:\"uag_flag\";b:0;s:11:\"uag_version\";s:10:\"1776689314\";s:6:\"gfonts\";a:0:{}s:10:\"gfonts_url\";s:0:\"\";s:12:\"gfonts_files\";a:0:{}s:14:\"uag_faq_layout\";b:0;}"]},"uagb_featured_image_src":{"full":["https:\/\/www.carbon-fiber-corp.com\/wp-content\/uploads\/2025\/06\/tan-xian-wei-mo-tuo-che-pai-qi-guan.webp",1080,1080,false],"thumbnail":["https:\/\/www.carbon-fiber-corp.com\/wp-content\/uploads\/2025\/06\/tan-xian-wei-mo-tuo-che-pai-qi-guan-150x150.webp",150,150,true],"medium":["https:\/\/www.carbon-fiber-corp.com\/wp-content\/uploads\/2025\/06\/tan-xian-wei-mo-tuo-che-pai-qi-guan-300x300.webp",300,300,true],"medium_large":["https:\/\/www.carbon-fiber-corp.com\/wp-content\/uploads\/2025\/06\/tan-xian-wei-mo-tuo-che-pai-qi-guan-768x768.webp",768,768,true],"large":["https:\/\/www.carbon-fiber-corp.com\/wp-content\/uploads\/2025\/06\/tan-xian-wei-mo-tuo-che-pai-qi-guan-1024x1024.webp",1024,1024,true],"1536x1536":["https:\/\/www.carbon-fiber-corp.com\/wp-content\/uploads\/2025\/06\/tan-xian-wei-mo-tuo-che-pai-qi-guan.webp",1080,1080,false],"2048x2048":["https:\/\/www.carbon-fiber-corp.com\/wp-content\/uploads\/2025\/06\/tan-xian-wei-mo-tuo-che-pai-qi-guan.webp",1080,1080,false],"trp-custom-language-flag":["https:\/\/www.carbon-fiber-corp.com\/wp-content\/uploads\/2025\/06\/tan-xian-wei-mo-tuo-che-pai-qi-guan.webp",12,12,false],"woocommerce_thumbnail":["https:\/\/www.carbon-fiber-corp.com\/wp-content\/uploads\/2025\/06\/tan-xian-wei-mo-tuo-che-pai-qi-guan-300x300.jpg",300,300,true],"woocommerce_single":["https:\/\/www.carbon-fiber-corp.com\/wp-content\/uploads\/2025\/06\/tan-xian-wei-mo-tuo-che-pai-qi-guan-600x600.webp",600,600,true],"woocommerce_gallery_thumbnail":["https:\/\/www.carbon-fiber-corp.com\/wp-content\/uploads\/2025\/06\/tan-xian-wei-mo-tuo-che-pai-qi-guan-100x100.webp",100,100,true]},"uagb_author_info":{"display_name":"qunhe","author_link":"https:\/\/www.carbon-fiber-corp.com\/fr\/author\/"},"uagb_comment_info":0,"uagb_excerpt":"Engineered for performance and aesthetics, this high-end motorcycle exhaust pipe features a carbon fiber end cap combined with a stainless steel body. Designed to optimize airflow, reduce weight, and enhance your bike\u2019s aggressive look, it\u2019s the perfect upgrade for riders who demand both style and substance.","_links":{"self":[{"href":"https:\/\/www.carbon-fiber-corp.com\/fr\/wp-json\/wp\/v2\/product\/3198","targetHints":{"allow":["GET"]}}],"collection":[{"href":"https:\/\/www.carbon-fiber-corp.com\/fr\/wp-json\/wp\/v2\/product"}],"about":[{"href":"https:\/\/www.carbon-fiber-corp.com\/fr\/wp-json\/wp\/v2\/types\/product"}],"wp:featuredmedia":[{"embeddable":true,"href":"https:\/\/www.carbon-fiber-corp.com\/fr\/wp-json\/wp\/v2\/media\/3200"}],"wp:attachment":[{"href":"https:\/\/www.carbon-fiber-corp.com\/fr\/wp-json\/wp\/v2\/media?parent=3198"}],"wp:term":[{"taxonomy":"product_brand","embeddable":true,"href":"https:\/\/www.carbon-fiber-corp.com\/fr\/wp-json\/wp\/v2\/product_brand?post=3198"},{"taxonomy":"product_cat","embeddable":true,"href":"https:\/\/www.carbon-fiber-corp.com\/fr\/wp-json\/wp\/v2\/product_cat?post=3198"},{"taxonomy":"product_tag","embeddable":true,"href":"https:\/\/www.carbon-fiber-corp.com\/fr\/wp-json\/wp\/v2\/product_tag?post=3198"}],"curies":[{"name":"wp","href":"https:\/\/api.w.org\/{rel}","templated":true}]}}