{"id":1195,"date":"2025-02-24T08:26:12","date_gmt":"2025-02-24T08:26:12","guid":{"rendered":"https:\/\/www.carbon-fiber-corp.com\/product\/lunar-minimalism-wooden-desk\/"},"modified":"2025-06-03T09:22:11","modified_gmt":"2025-06-03T09:22:11","slug":"carbon-fiber-license-plate-personalized-frame","status":"publish","type":"product","link":"https:\/\/www.carbon-fiber-corp.com\/fr\/product\/carbon-fiber-license-plate-personalized-frame\/","title":{"rendered":"Cadre personnalis\u00e9 pour plaque d'immatriculation en fibre de carbone"},"content":{"rendered":"<p>Le kit de d\u00e9coration du tableau de bord de la console centrale en fibre de carbone est fabriqu\u00e9 en plastique ABS de haute qualit\u00e9 et poli, ce qui permet d'\u00e9viter la d\u00e9formation et la corrosion et peut \u00eatre utilis\u00e9 pendant de nombreuses ann\u00e9es sans d\u00e9faillance.<br \/>\nNo modification is needed. Dust-proof, durable and corrosion-resistant; Undamaged, beautiful, shiny and fashionable. Make the entire product fit perfectly, never fade and be afraid of scratches<br \/>\nComes with double-sided car tape. Clean the surface area where you need to stick, and then wipe it with water using a towel or paper towel. Remove the cover from the double-sided tape; The positions of the double-sided tape should be correctly aligned. Finally, press the decorative piece by hand to make it more firm.<\/p>\n<p><img alt=\"\" loading=\"lazy\" decoding=\"async\" class=\"alignnone size-full wp-image-2705\" src=\"https:\/\/carbon-fiber-corp.com\/wp-content\/uploads\/2025\/02\/jia.webp\" width=\"1500\" height=\"1446\" srcset=\"https:\/\/www.carbon-fiber-corp.com\/wp-content\/uploads\/2025\/02\/jia.webp 1500w, https:\/\/www.carbon-fiber-corp.com\/wp-content\/uploads\/2025\/02\/jia-300x289.webp 300w, https:\/\/www.carbon-fiber-corp.com\/wp-content\/uploads\/2025\/02\/jia-1024x987.webp 1024w, https:\/\/www.carbon-fiber-corp.com\/wp-content\/uploads\/2025\/02\/jia-768x740.webp 768w, https:\/\/www.carbon-fiber-corp.com\/wp-content\/uploads\/2025\/02\/jia-600x578.webp 600w\" sizes=\"auto, (max-width: 1500px) 100vw, 1500px\" \/><\/p>","protected":false},"excerpt":{"rendered":"<p>Le kit de d\u00e9coration du tableau de bord de la console centrale en fibre de carbone est fabriqu\u00e9 en plastique ABS de haute qualit\u00e9 et poli, ce qui permet d'\u00e9viter la d\u00e9formation et la corrosion et peut \u00eatre utilis\u00e9 pendant de nombreuses ann\u00e9es sans d\u00e9faillance.<\/p>","protected":false},"featured_media":2700,"template":"","meta":{"_seopress_robots_primary_cat":"none","_seopress_titles_title":"","_seopress_titles_desc":"","_seopress_robots_index":"","_uag_custom_page_level_css":"","site-sidebar-layout":"default","site-content-layout":"default","ast-site-content-layout":"default","site-content-style":"default","site-sidebar-style":"default","ast-global-header-display":"","ast-banner-title-visibility":"","ast-main-header-display":"","ast-hfb-above-header-display":"","ast-hfb-below-header-display":"","ast-hfb-mobile-header-display":"","site-post-title":"","ast-breadcrumbs-content":"","ast-featured-img":"","footer-sml-layout":"","ast-disable-related-posts":"","theme-transparent-header-meta":"default","adv-header-id-meta":"","stick-header-meta":"default","header-above-stick-meta":"","header-main-stick-meta":"","header-below-stick-meta":"","astra-migrate-meta-layouts":"set","ast-page-background-enabled":"default","ast-page-background-meta":{"desktop":{"background-color":"","background-image":"","background-repeat":"repeat","background-position":"center center","background-size":"auto","background-attachment":"scroll","background-type":"","background-media":"","overlay-type":"","overlay-color":"","overlay-opacity":"","overlay-gradient":""},"tablet":{"background-color":"","background-image":"","background-repeat":"repeat","background-position":"center center","background-size":"auto","background-attachment":"scroll","background-type":"","background-media":"","overlay-type":"","overlay-color":"","overlay-opacity":"","overlay-gradient":""},"mobile":{"background-color":"","background-image":"","background-repeat":"repeat","background-position":"center center","background-size":"auto","background-attachment":"scroll","background-type":"","background-media":"","overlay-type":"","overlay-color":"","overlay-opacity":"","overlay-gradient":""}},"ast-content-background-meta":{"desktop":{"background-color":"var(--ast-global-color-5)","background-image":"","background-repeat":"repeat","background-position":"center center","background-size":"auto","background-attachment":"scroll","background-type":"","background-media":"","overlay-type":"","overlay-color":"","overlay-opacity":"","overlay-gradient":""},"tablet":{"background-color":"var(--ast-global-color-5)","background-image":"","background-repeat":"repeat","background-position":"center center","background-size":"auto","background-attachment":"scroll","background-type":"","background-media":"","overlay-type":"","overlay-color":"","overlay-opacity":"","overlay-gradient":""},"mobile":{"background-color":"var(--ast-global-color-5)","background-image":"","background-repeat":"repeat","background-position":"center center","background-size":"auto","background-attachment":"scroll","background-type":"","background-media":"","overlay-type":"","overlay-color":"","overlay-opacity":"","overlay-gradient":""}},"iawp_total_views":9},"product_brand":[],"product_cat":[15],"product_tag":[],"class_list":{"0":"post-1195","1":"product","2":"type-product","3":"status-publish","4":"has-post-thumbnail","6":"product_cat-carbon-fiber-car","7":"desktop-align-left","8":"tablet-align-left","9":"mobile-align-left","10":"ast-product-gallery-layout-horizontal-slider","11":"ast-magnify-disabled","12":"ast-product-tabs-layout-horizontal","13":"ast-qv-on-image","15":"first","16":"instock","17":"shipping-taxable","18":"product-type-simple"},"spectra_custom_meta":{"_tax_status":["taxable"],"_manage_stock":["no"],"_backorders":["no"],"_sold_individually":["no"],"_virtual":["no"],"_downloadable":["no"],"_stock_status":["instock"],"_product_version":["9.8.5"],"site-sidebar-layout":["default"],"site-content-layout":["default"],"theme-transparent-header-meta":["default"],"_yoast_wpseo_primary_product_cat":["32"],"_yoast_wpseo_content_score":["30"],"_yoast_wpseo_estimated-reading-time-minutes":["1"],"_wp_old_slug":["import-placeholder-for-404","lunar-minimalism-wooden-desk"],"_thumbnail_id":["2700"],"_price":[""],"_wxr_import_user_slug":["aadhavanm"],"_astra_sites_imported_post":["1"],"_astra_sites_enable_for_batch":["1"],"_edit_last":["1"],"total_sales":["0"],"_tax_class":[""],"_download_limit":["-1"],"_download_expiry":["-1"],"_stock":[null],"_wc_average_rating":["0"],"_wc_review_count":["0"],"_edit_lock":["1748942978:1"],"ast-site-content-layout":["default"],"site-content-style":["default"],"site-sidebar-style":["default"],"_sale_price":[""],"_product_image_gallery":["3139"],"_seopress_robots_primary_cat":["none"],"_seopress_redirections_type":["301"],"_seopress_redirections_logged_status":["both"],"_seopress_analysis_target_kw":[""],"astra-migrate-meta-layouts":["set"],"stick-header-meta":["default"],"iawp_total_views":["9"],"_uag_css_file_name":["uag-css-1195.css"],"_uag_page_assets":["a:9:{s:3:\"css\";s:263:\".uag-blocks-common-selector{z-index:var(--z-index-desktop) !important}@media (max-width: 976px){.uag-blocks-common-selector{z-index:var(--z-index-tablet) !important}}@media (max-width: 767px){.uag-blocks-common-selector{z-index:var(--z-index-mobile) !important}}\n\";s:2:\"js\";s:0:\"\";s:18:\"current_block_list\";a:10:{i:0;s:11:\"core\/search\";i:1;s:10:\"core\/group\";i:2;s:12:\"core\/heading\";i:3;s:17:\"core\/latest-posts\";i:4;s:20:\"core\/latest-comments\";i:5;s:13:\"core\/archives\";i:6;s:15:\"core\/categories\";i:7;s:26:\"woocommerce\/filter-wrapper\";i:8;s:24:\"woocommerce\/price-filter\";i:9;s:30:\"woocommerce\/product-categories\";}s:8:\"uag_flag\";b:0;s:11:\"uag_version\";s:10:\"1776689314\";s:6:\"gfonts\";a:0:{}s:10:\"gfonts_url\";s:0:\"\";s:12:\"gfonts_files\";a:0:{}s:14:\"uag_faq_layout\";b:0;}"]},"uagb_featured_image_src":{"full":["https:\/\/www.carbon-fiber-corp.com\/wp-content\/uploads\/2025\/02\/cars-6.webp",800,800,false],"thumbnail":["https:\/\/www.carbon-fiber-corp.com\/wp-content\/uploads\/2025\/02\/cars-6-150x150.webp",150,150,true],"medium":["https:\/\/www.carbon-fiber-corp.com\/wp-content\/uploads\/2025\/02\/cars-6-300x300.webp",300,300,true],"medium_large":["https:\/\/www.carbon-fiber-corp.com\/wp-content\/uploads\/2025\/02\/cars-6-768x768.webp",768,768,true],"large":["https:\/\/www.carbon-fiber-corp.com\/wp-content\/uploads\/2025\/02\/cars-6.webp",800,800,false],"1536x1536":["https:\/\/www.carbon-fiber-corp.com\/wp-content\/uploads\/2025\/02\/cars-6.webp",800,800,false],"2048x2048":["https:\/\/www.carbon-fiber-corp.com\/wp-content\/uploads\/2025\/02\/cars-6.webp",800,800,false],"trp-custom-language-flag":["https:\/\/www.carbon-fiber-corp.com\/wp-content\/uploads\/2025\/02\/cars-6.webp",12,12,false],"woocommerce_thumbnail":["https:\/\/www.carbon-fiber-corp.com\/wp-content\/uploads\/2025\/02\/cars-6-300x300.jpg",300,300,true],"woocommerce_single":["https:\/\/www.carbon-fiber-corp.com\/wp-content\/uploads\/2025\/02\/cars-6-600x600.webp",600,600,true],"woocommerce_gallery_thumbnail":["https:\/\/www.carbon-fiber-corp.com\/wp-content\/uploads\/2025\/02\/cars-6-100x100.webp",100,100,true]},"uagb_author_info":{"display_name":"qunhe","author_link":"https:\/\/www.carbon-fiber-corp.com\/fr\/author\/"},"uagb_comment_info":0,"uagb_excerpt":"The carbon fiber interior center console instrument panel decoration kit is made of high-quality ABS plastic and polished, which can prevent deformation and corrosion and can be used for many years without failure.","_links":{"self":[{"href":"https:\/\/www.carbon-fiber-corp.com\/fr\/wp-json\/wp\/v2\/product\/1195","targetHints":{"allow":["GET"]}}],"collection":[{"href":"https:\/\/www.carbon-fiber-corp.com\/fr\/wp-json\/wp\/v2\/product"}],"about":[{"href":"https:\/\/www.carbon-fiber-corp.com\/fr\/wp-json\/wp\/v2\/types\/product"}],"wp:featuredmedia":[{"embeddable":true,"href":"https:\/\/www.carbon-fiber-corp.com\/fr\/wp-json\/wp\/v2\/media\/2700"}],"wp:attachment":[{"href":"https:\/\/www.carbon-fiber-corp.com\/fr\/wp-json\/wp\/v2\/media?parent=1195"}],"wp:term":[{"taxonomy":"product_brand","embeddable":true,"href":"https:\/\/www.carbon-fiber-corp.com\/fr\/wp-json\/wp\/v2\/product_brand?post=1195"},{"taxonomy":"product_cat","embeddable":true,"href":"https:\/\/www.carbon-fiber-corp.com\/fr\/wp-json\/wp\/v2\/product_cat?post=1195"},{"taxonomy":"product_tag","embeddable":true,"href":"https:\/\/www.carbon-fiber-corp.com\/fr\/wp-json\/wp\/v2\/product_tag?post=1195"}],"curies":[{"name":"wp","href":"https:\/\/api.w.org\/{rel}","templated":true}]}}