{"id":3483,"date":"2025-06-07T12:10:44","date_gmt":"2025-06-07T12:10:44","guid":{"rendered":"https:\/\/www.carbon-fiber-corp.com\/?post_type=product&#038;p=3483"},"modified":"2025-06-07T12:41:11","modified_gmt":"2025-06-07T12:41:11","slug":"carbon-fiber-peak-racket","status":"publish","type":"product","link":"https:\/\/www.carbon-fiber-corp.com\/de\/product\/kohlefaser-schlager\/","title":{"rendered":"Kohlefaser-Schl\u00e4ger"},"content":{"rendered":"<p class=\"p1\"><b>Pickleball-Schl\u00e4ger aus Kohlefaser - leicht, langlebig &amp; lebendige Designs<\/b><b><\/b><\/p>\n<p class=\"p2\">\n<hr \/>\n<p>&nbsp;<\/p>\n<p class=\"p2\">\n<h3><b>Beschreibung des Produkts<\/b><\/h3>\n<p>&nbsp;<\/p>\n<p class=\"p4\">Verbessern Sie Ihr Spiel mit diesen <span class=\"s2\"><b>Pickleball-Schl\u00e4ger aus Kohlefaser<\/b><\/span>Die Paddel wurden f\u00fcr Geschwindigkeit, Kontrolle und Komfort entwickelt. Ausgestattet mit einer Premium-Kohlefaser-Oberfl\u00e4che und einem Polymer-Wabenkern bietet jedes Paddel eine perfekte Balance aus Kraft und Pr\u00e4zision. Erh\u00e4ltlich in einer Vielzahl von auff\u00e4lligen Designs, bringen diese Paddel Leistung und Pers\u00f6nlichkeit zu jedem Match.<\/p>\n<p class=\"p2\">\n<hr \/>\n<p>&nbsp;<\/p>\n<p class=\"p2\">\n<h3><b>Wesentliche Merkmale<\/b><\/h3>\n<p>&nbsp;<\/p>\n<p class=\"p2\">\n<ul>\n<li>\n<p class=\"p1\"><span class=\"s1\"><b>Kohlefaser Oberfl\u00e4che<\/b><\/span> - Bietet hervorragenden Pop und reaktionsschnelle Ballkontrolle.<\/p>\n<\/li>\n<li>\n<p class=\"p1\"><span class=\"s1\"><b>Polymer-Wabenkern<\/b><\/span> - Reduziert Vibrationen und erh\u00f6ht die Leistung, ohne das Gef\u00fchl zu beeintr\u00e4chtigen.<\/p>\n<\/li>\n<li>\n<p class=\"p1\"><span class=\"s1\"><b>Ergonomischer, gepolsterter Griff<\/b><\/span> - Schwei\u00dfabsorbierend und rutschfest, ideal f\u00fcr l\u00e4ngeres Spielen.<\/p>\n<\/li>\n<li>\n<p class=\"p1\"><span class=\"s1\"><b>Schutz durch Edge Guard<\/b><\/span> - Verst\u00e4rkte Felge, um St\u00f6\u00dfen zu widerstehen.<\/p>\n<\/li>\n<li>\n<p class=\"p1\"><span class=\"s1\"><b>Lebendige individuelle Grafiken<\/b><\/span> - Mehrere Farbvarianten f\u00fcr pers\u00f6nliches oder Team-Branding erh\u00e4ltlich.<\/p>\n<\/li>\n<li>\n<p class=\"p1\"><span class=\"s1\"><b>USAPA-Zulassung (optional)<\/b><\/span> - Geeignet f\u00fcr den Einsatz im Beruf oder in der Freizeit.<\/p>\n<\/li>\n<\/ul>\n<p>&nbsp;<\/p>","protected":false},"excerpt":{"rendered":"<p>Carbon Fiber Pickleball Paddles \u2013 Lightweight, Durable &amp; Vibrant Designs &nbsp; Product Description &nbsp; Elevate your game with these carbon fiber pickleball paddles, engineered for speed, control, and comfort. Featuring a premium carbon fiber face and polymer honeycomb core, each paddle offers a perfect balance of power and precision. Available in a variety of eye-catching [&hellip;]<\/p>","protected":false},"featured_media":3474,"template":"","meta":{"_seopress_robots_primary_cat":"none","_seopress_titles_title":"","_seopress_titles_desc":"","_seopress_robots_index":"","_uag_custom_page_level_css":"","site-sidebar-layout":"default","site-content-layout":"","ast-site-content-layout":"default","site-content-style":"default","site-sidebar-style":"default","ast-global-header-display":"","ast-banner-title-visibility":"","ast-main-header-display":"","ast-hfb-above-header-display":"","ast-hfb-below-header-display":"","ast-hfb-mobile-header-display":"","site-post-title":"","ast-breadcrumbs-content":"","ast-featured-img":"","footer-sml-layout":"","ast-disable-related-posts":"","theme-transparent-header-meta":"default","adv-header-id-meta":"","stick-header-meta":"default","header-above-stick-meta":"","header-main-stick-meta":"","header-below-stick-meta":"","astra-migrate-meta-layouts":"set","ast-page-background-enabled":"default","ast-page-background-meta":{"desktop":{"background-color":"","background-image":"","background-repeat":"repeat","background-position":"center center","background-size":"auto","background-attachment":"scroll","background-type":"","background-media":"","overlay-type":"","overlay-color":"","overlay-opacity":"","overlay-gradient":""},"tablet":{"background-color":"","background-image":"","background-repeat":"repeat","background-position":"center center","background-size":"auto","background-attachment":"scroll","background-type":"","background-media":"","overlay-type":"","overlay-color":"","overlay-opacity":"","overlay-gradient":""},"mobile":{"background-color":"","background-image":"","background-repeat":"repeat","background-position":"center center","background-size":"auto","background-attachment":"scroll","background-type":"","background-media":"","overlay-type":"","overlay-color":"","overlay-opacity":"","overlay-gradient":""}},"ast-content-background-meta":{"desktop":{"background-color":"var(--ast-global-color-5)","background-image":"","background-repeat":"repeat","background-position":"center center","background-size":"auto","background-attachment":"scroll","background-type":"","background-media":"","overlay-type":"","overlay-color":"","overlay-opacity":"","overlay-gradient":""},"tablet":{"background-color":"var(--ast-global-color-5)","background-image":"","background-repeat":"repeat","background-position":"center center","background-size":"auto","background-attachment":"scroll","background-type":"","background-media":"","overlay-type":"","overlay-color":"","overlay-opacity":"","overlay-gradient":""},"mobile":{"background-color":"var(--ast-global-color-5)","background-image":"","background-repeat":"repeat","background-position":"center center","background-size":"auto","background-attachment":"scroll","background-type":"","background-media":"","overlay-type":"","overlay-color":"","overlay-opacity":"","overlay-gradient":""}},"iawp_total_views":6},"product_brand":[],"product_cat":[17],"product_tag":[],"class_list":{"0":"post-3483","1":"product","2":"type-product","3":"status-publish","4":"has-post-thumbnail","6":"product_cat-outdoor-sports-equipment","7":"desktop-align-left","8":"tablet-align-left","9":"mobile-align-left","10":"ast-product-gallery-layout-horizontal-slider","11":"ast-product-gallery-with-no-image","12":"ast-magnify-disabled","13":"ast-product-tabs-layout-horizontal","14":"ast-qv-on-image","16":"first","17":"instock","18":"shipping-taxable","19":"product-type-simple"},"spectra_custom_meta":{"_edit_last":["1"],"_edit_lock":["1749299942:1"],"_thumbnail_id":["3474"],"total_sales":["0"],"_tax_status":["taxable"],"_tax_class":[""],"_manage_stock":["no"],"_backorders":["no"],"_sold_individually":["no"],"_virtual":["no"],"_downloadable":["no"],"_download_limit":["-1"],"_download_expiry":["-1"],"_stock":[null],"_stock_status":["instock"],"_wc_average_rating":["0"],"_wc_review_count":["0"],"_product_version":["9.8.5"],"_seopress_redirections_type":["301"],"_seopress_redirections_logged_status":["both"],"_seopress_analysis_target_kw":[""],"site-sidebar-layout":["default"],"ast-site-content-layout":["default"],"site-content-style":["default"],"site-sidebar-style":["default"],"theme-transparent-header-meta":["default"],"stick-header-meta":["default"],"_seopress_robots_primary_cat":["none"],"astra-migrate-meta-layouts":["set"],"iawp_total_views":["6"],"_uag_css_file_name":["uag-css-3483.css"],"_uag_page_assets":["a:9:{s:3:\"css\";s:0:\"\";s:2:\"js\";s:0:\"\";s:18:\"current_block_list\";a:10:{i:0;s:11:\"core\/search\";i:1;s:10:\"core\/group\";i:2;s:12:\"core\/heading\";i:3;s:17:\"core\/latest-posts\";i:4;s:20:\"core\/latest-comments\";i:5;s:13:\"core\/archives\";i:6;s:15:\"core\/categories\";i:7;s:26:\"woocommerce\/filter-wrapper\";i:8;s:24:\"woocommerce\/price-filter\";i:9;s:30:\"woocommerce\/product-categories\";}s:8:\"uag_flag\";b:0;s:11:\"uag_version\";s:10:\"1776689314\";s:6:\"gfonts\";a:0:{}s:10:\"gfonts_url\";s:0:\"\";s:12:\"gfonts_files\";a:0:{}s:14:\"uag_faq_layout\";b:0;}"]},"uagb_featured_image_src":{"full":["https:\/\/www.carbon-fiber-corp.com\/wp-content\/uploads\/2025\/06\/tan-xian-wei-pi-ke-qiu-pai.webp",1080,1080,false],"thumbnail":["https:\/\/www.carbon-fiber-corp.com\/wp-content\/uploads\/2025\/06\/tan-xian-wei-pi-ke-qiu-pai-150x150.webp",150,150,true],"medium":["https:\/\/www.carbon-fiber-corp.com\/wp-content\/uploads\/2025\/06\/tan-xian-wei-pi-ke-qiu-pai-300x300.webp",300,300,true],"medium_large":["https:\/\/www.carbon-fiber-corp.com\/wp-content\/uploads\/2025\/06\/tan-xian-wei-pi-ke-qiu-pai-768x768.webp",768,768,true],"large":["https:\/\/www.carbon-fiber-corp.com\/wp-content\/uploads\/2025\/06\/tan-xian-wei-pi-ke-qiu-pai-1024x1024.webp",1024,1024,true],"1536x1536":["https:\/\/www.carbon-fiber-corp.com\/wp-content\/uploads\/2025\/06\/tan-xian-wei-pi-ke-qiu-pai.webp",1080,1080,false],"2048x2048":["https:\/\/www.carbon-fiber-corp.com\/wp-content\/uploads\/2025\/06\/tan-xian-wei-pi-ke-qiu-pai.webp",1080,1080,false],"trp-custom-language-flag":["https:\/\/www.carbon-fiber-corp.com\/wp-content\/uploads\/2025\/06\/tan-xian-wei-pi-ke-qiu-pai.webp",12,12,false],"woocommerce_thumbnail":["https:\/\/www.carbon-fiber-corp.com\/wp-content\/uploads\/2025\/06\/tan-xian-wei-pi-ke-qiu-pai-300x300.jpg",300,300,true],"woocommerce_single":["https:\/\/www.carbon-fiber-corp.com\/wp-content\/uploads\/2025\/06\/tan-xian-wei-pi-ke-qiu-pai-600x600.webp",600,600,true],"woocommerce_gallery_thumbnail":["https:\/\/www.carbon-fiber-corp.com\/wp-content\/uploads\/2025\/06\/tan-xian-wei-pi-ke-qiu-pai-100x100.webp",100,100,true]},"uagb_author_info":{"display_name":"qunhe","author_link":"https:\/\/www.carbon-fiber-corp.com\/de\/author\/"},"uagb_comment_info":0,"uagb_excerpt":"Carbon Fiber Pickleball Paddles \u2013 Lightweight, Durable &amp; Vibrant Designs &nbsp; Product Description &nbsp; Elevate your game with these carbon fiber pickleball paddles, engineered for speed, control, and comfort. Featuring a premium carbon fiber face and polymer honeycomb core, each paddle offers a perfect balance of power and precision. Available in a variety of eye-catching&hellip;","_links":{"self":[{"href":"https:\/\/www.carbon-fiber-corp.com\/de\/wp-json\/wp\/v2\/product\/3483","targetHints":{"allow":["GET"]}}],"collection":[{"href":"https:\/\/www.carbon-fiber-corp.com\/de\/wp-json\/wp\/v2\/product"}],"about":[{"href":"https:\/\/www.carbon-fiber-corp.com\/de\/wp-json\/wp\/v2\/types\/product"}],"wp:featuredmedia":[{"embeddable":true,"href":"https:\/\/www.carbon-fiber-corp.com\/de\/wp-json\/wp\/v2\/media\/3474"}],"wp:attachment":[{"href":"https:\/\/www.carbon-fiber-corp.com\/de\/wp-json\/wp\/v2\/media?parent=3483"}],"wp:term":[{"taxonomy":"product_brand","embeddable":true,"href":"https:\/\/www.carbon-fiber-corp.com\/de\/wp-json\/wp\/v2\/product_brand?post=3483"},{"taxonomy":"product_cat","embeddable":true,"href":"https:\/\/www.carbon-fiber-corp.com\/de\/wp-json\/wp\/v2\/product_cat?post=3483"},{"taxonomy":"product_tag","embeddable":true,"href":"https:\/\/www.carbon-fiber-corp.com\/de\/wp-json\/wp\/v2\/product_tag?post=3483"}],"curies":[{"name":"wp","href":"https:\/\/api.w.org\/{rel}","templated":true}]}}