{"id":3185,"date":"2025-06-03T10:12:25","date_gmt":"2025-06-03T10:12:25","guid":{"rendered":"https:\/\/www.carbon-fiber-corp.com\/?post_type=product&#038;p=3185"},"modified":"2025-06-07T13:09:45","modified_gmt":"2025-06-07T13:09:45","slug":"carbon-fiber-bicycle-frame","status":"publish","type":"product","link":"https:\/\/www.carbon-fiber-corp.com\/de\/product\/carbonfaser-fahrradrahmen\/","title":{"rendered":"Carbonfaser-Fahrradrahmen"},"content":{"rendered":"<p class=\"p1\"><b>Carbon Fiber Fahrradrahmen - Leichter MTB\/Gravel\/Trail Hardtail Rahmen<\/b><b><\/b><\/p>\n<p class=\"p2\">\n<hr \/>\n<p>&nbsp;<\/p>\n<p class=\"p2\">\n<h3><b>Beschreibung des Produkts<\/b><\/h3>\n<p>&nbsp;<\/p>\n<p class=\"p4\">Gefertigt aus hochmodularer Kohlefaser, ist dieses <span class=\"s2\"><b>Fahrradrahmen<\/b><\/span> ist f\u00fcr ernsthafte Radfahrer gebaut, die St\u00e4rke, Steifigkeit und minimales Gewicht verlangen. Die aerodynamische Geometrie ist ideal f\u00fcr Mountainbike-, Schotter- oder Trail-Rennen und verbessert die Kraft\u00fcbertragung, w\u00e4hrend sie die Erm\u00fcdung auf langen Fahrten reduziert. Das Design mit interner Kabelf\u00fchrung und pr\u00e4zisionsgeformten Verbindungen sorgt f\u00fcr nahtlose Leistung und schlanke \u00c4sthetik.<\/p>\n<p class=\"p2\">\n<hr \/>\n<p>&nbsp;<\/p>\n<p class=\"p2\">\n<h3><b>Wesentliche Merkmale<\/b><\/h3>\n<p>&nbsp;<\/p>\n<p class=\"p2\">\n<ul>\n<li>\n<p class=\"p1\"><span class=\"s1\"><b>100% Kohlefaser-Konstruktion<\/b><\/span> - Ultraleicht und dennoch sto\u00dffest f\u00fcr aggressives Terrain.<\/p>\n<\/li>\n<li>\n<p class=\"p1\"><span class=\"s1\"><b>Interne Kabelverlegung<\/b><\/span> - Sauberer Aufbau mit geringerem Luftwiderstand und geringerem Wartungsaufwand.<\/p>\n<\/li>\n<li>\n<p class=\"p1\"><span class=\"s1\"><b>Boost-Achse Kompatibel<\/b><\/span> - Verbesserte Steifigkeit der Hinterachse und Effizienz des Antriebsstrangs.<\/p>\n<\/li>\n<li>\n<p class=\"p1\"><span class=\"s1\"><b>Verj\u00fcngtes Steuerrohr<\/b><\/span> - Verbessert die Stabilit\u00e4t der Frontpartie und die Pr\u00e4zision des Fahrverhaltens.<\/p>\n<\/li>\n<li>\n<p class=\"p1\"><span class=\"s1\"><b>Erh\u00e4ltlich in mehreren Gr\u00f6\u00dfen<\/b><\/span> - Geeignet f\u00fcr verschiedene Fahrergr\u00f6\u00dfen und K\u00f6rperstile.<\/p>\n<\/li>\n<li>\n<p class=\"p1\"><span class=\"s1\"><b>OEM-Anpassung wird unterst\u00fctzt<\/b><\/span> - Geometrie, Oberfl\u00e4che und Logo auf Anfrage erh\u00e4ltlich.<\/p>\n<\/li>\n<\/ul>\n<p>&nbsp;<\/p>","protected":false},"excerpt":{"rendered":"<p>Carbon Fiber Bike Frame \u2013 Lightweight MTB\/Gravel\/Trail Hardtail Frame &nbsp; Product Description &nbsp; Crafted from high-modulus carbon fiber, this bike frame is built for serious cyclists who demand strength, stiffness, and minimal weight. Ideal for mountain biking, gravel riding, or trail racing, the aerodynamic geometry enhances power transfer while reducing fatigue on long rides. Designed [&hellip;]<\/p>","protected":false},"featured_media":3168,"template":"","meta":{"_seopress_robots_primary_cat":"none","_seopress_titles_title":"","_seopress_titles_desc":"","_seopress_robots_index":"","_uag_custom_page_level_css":"","site-sidebar-layout":"default","site-content-layout":"","ast-site-content-layout":"default","site-content-style":"default","site-sidebar-style":"default","ast-global-header-display":"","ast-banner-title-visibility":"","ast-main-header-display":"","ast-hfb-above-header-display":"","ast-hfb-below-header-display":"","ast-hfb-mobile-header-display":"","site-post-title":"","ast-breadcrumbs-content":"","ast-featured-img":"","footer-sml-layout":"","ast-disable-related-posts":"","theme-transparent-header-meta":"default","adv-header-id-meta":"","stick-header-meta":"default","header-above-stick-meta":"","header-main-stick-meta":"","header-below-stick-meta":"","astra-migrate-meta-layouts":"set","ast-page-background-enabled":"default","ast-page-background-meta":{"desktop":{"background-color":"","background-image":"","background-repeat":"repeat","background-position":"center center","background-size":"auto","background-attachment":"scroll","background-type":"","background-media":"","overlay-type":"","overlay-color":"","overlay-opacity":"","overlay-gradient":""},"tablet":{"background-color":"","background-image":"","background-repeat":"repeat","background-position":"center center","background-size":"auto","background-attachment":"scroll","background-type":"","background-media":"","overlay-type":"","overlay-color":"","overlay-opacity":"","overlay-gradient":""},"mobile":{"background-color":"","background-image":"","background-repeat":"repeat","background-position":"center center","background-size":"auto","background-attachment":"scroll","background-type":"","background-media":"","overlay-type":"","overlay-color":"","overlay-opacity":"","overlay-gradient":""}},"ast-content-background-meta":{"desktop":{"background-color":"var(--ast-global-color-5)","background-image":"","background-repeat":"repeat","background-position":"center center","background-size":"auto","background-attachment":"scroll","background-type":"","background-media":"","overlay-type":"","overlay-color":"","overlay-opacity":"","overlay-gradient":""},"tablet":{"background-color":"var(--ast-global-color-5)","background-image":"","background-repeat":"repeat","background-position":"center center","background-size":"auto","background-attachment":"scroll","background-type":"","background-media":"","overlay-type":"","overlay-color":"","overlay-opacity":"","overlay-gradient":""},"mobile":{"background-color":"var(--ast-global-color-5)","background-image":"","background-repeat":"repeat","background-position":"center center","background-size":"auto","background-attachment":"scroll","background-type":"","background-media":"","overlay-type":"","overlay-color":"","overlay-opacity":"","overlay-gradient":""}},"iawp_total_views":2},"product_brand":[],"product_cat":[16],"product_tag":[],"class_list":{"0":"post-3185","1":"product","2":"type-product","3":"status-publish","4":"has-post-thumbnail","6":"product_cat-carbon-fiber-bicycle","7":"desktop-align-left","8":"tablet-align-left","9":"mobile-align-left","10":"ast-product-gallery-layout-horizontal-slider","11":"ast-magnify-disabled","12":"ast-product-tabs-layout-horizontal","13":"ast-qv-on-image","15":"first","16":"instock","17":"shipping-taxable","18":"product-type-simple"},"spectra_custom_meta":{"_edit_last":["1"],"_edit_lock":["1749301804:1"],"_thumbnail_id":["3168"],"total_sales":["0"],"_tax_status":["taxable"],"_tax_class":[""],"_manage_stock":["no"],"_backorders":["no"],"_sold_individually":["no"],"_virtual":["no"],"_downloadable":["no"],"_download_limit":["-1"],"_download_expiry":["-1"],"_stock":[null],"_stock_status":["instock"],"_wc_average_rating":["0"],"_wc_review_count":["0"],"_product_version":["9.8.5"],"_product_image_gallery":["3168,3169,3170,3171,3172,3173"],"_seopress_redirections_type":["301"],"_seopress_redirections_logged_status":["both"],"_seopress_analysis_target_kw":[""],"site-sidebar-layout":["default"],"ast-site-content-layout":["default"],"site-content-style":["default"],"site-sidebar-style":["default"],"theme-transparent-header-meta":["default"],"stick-header-meta":["default"],"_seopress_robots_primary_cat":["none"],"astra-migrate-meta-layouts":["set"],"_uag_css_file_name":["uag-css-3185.css"],"iawp_total_views":["2"],"_uag_page_assets":["a:9:{s:3:\"css\";s:263:\".uag-blocks-common-selector{z-index:var(--z-index-desktop) !important}@media (max-width: 976px){.uag-blocks-common-selector{z-index:var(--z-index-tablet) !important}}@media (max-width: 767px){.uag-blocks-common-selector{z-index:var(--z-index-mobile) !important}}\n\";s:2:\"js\";s:0:\"\";s:18:\"current_block_list\";a:10:{i:0;s:11:\"core\/search\";i:1;s:10:\"core\/group\";i:2;s:12:\"core\/heading\";i:3;s:17:\"core\/latest-posts\";i:4;s:20:\"core\/latest-comments\";i:5;s:13:\"core\/archives\";i:6;s:15:\"core\/categories\";i:7;s:26:\"woocommerce\/filter-wrapper\";i:8;s:24:\"woocommerce\/price-filter\";i:9;s:30:\"woocommerce\/product-categories\";}s:8:\"uag_flag\";b:0;s:11:\"uag_version\";s:10:\"1776689314\";s:6:\"gfonts\";a:0:{}s:10:\"gfonts_url\";s:0:\"\";s:12:\"gfonts_files\";a:0:{}s:14:\"uag_faq_layout\";b:0;}"]},"uagb_featured_image_src":{"full":["https:\/\/www.carbon-fiber-corp.com\/wp-content\/uploads\/2025\/06\/tan-xian-wei-zi-xing-che-jia-01.webp",1080,1080,false],"thumbnail":["https:\/\/www.carbon-fiber-corp.com\/wp-content\/uploads\/2025\/06\/tan-xian-wei-zi-xing-che-jia-01-150x150.webp",150,150,true],"medium":["https:\/\/www.carbon-fiber-corp.com\/wp-content\/uploads\/2025\/06\/tan-xian-wei-zi-xing-che-jia-01-300x300.webp",300,300,true],"medium_large":["https:\/\/www.carbon-fiber-corp.com\/wp-content\/uploads\/2025\/06\/tan-xian-wei-zi-xing-che-jia-01-768x768.webp",768,768,true],"large":["https:\/\/www.carbon-fiber-corp.com\/wp-content\/uploads\/2025\/06\/tan-xian-wei-zi-xing-che-jia-01-1024x1024.webp",1024,1024,true],"1536x1536":["https:\/\/www.carbon-fiber-corp.com\/wp-content\/uploads\/2025\/06\/tan-xian-wei-zi-xing-che-jia-01.webp",1080,1080,false],"2048x2048":["https:\/\/www.carbon-fiber-corp.com\/wp-content\/uploads\/2025\/06\/tan-xian-wei-zi-xing-che-jia-01.webp",1080,1080,false],"trp-custom-language-flag":["https:\/\/www.carbon-fiber-corp.com\/wp-content\/uploads\/2025\/06\/tan-xian-wei-zi-xing-che-jia-01.webp",12,12,false],"woocommerce_thumbnail":["https:\/\/www.carbon-fiber-corp.com\/wp-content\/uploads\/2025\/06\/tan-xian-wei-zi-xing-che-jia-01-300x300.jpg",300,300,true],"woocommerce_single":["https:\/\/www.carbon-fiber-corp.com\/wp-content\/uploads\/2025\/06\/tan-xian-wei-zi-xing-che-jia-01-600x600.webp",600,600,true],"woocommerce_gallery_thumbnail":["https:\/\/www.carbon-fiber-corp.com\/wp-content\/uploads\/2025\/06\/tan-xian-wei-zi-xing-che-jia-01-100x100.webp",100,100,true]},"uagb_author_info":{"display_name":"qunhe","author_link":"https:\/\/www.carbon-fiber-corp.com\/de\/author\/"},"uagb_comment_info":0,"uagb_excerpt":"Carbon Fiber Bike Frame \u2013 Lightweight MTB\/Gravel\/Trail Hardtail Frame &nbsp; Product Description &nbsp; Crafted from high-modulus carbon fiber, this bike frame is built for serious cyclists who demand strength, stiffness, and minimal weight. Ideal for mountain biking, gravel riding, or trail racing, the aerodynamic geometry enhances power transfer while reducing fatigue on long rides. Designed&hellip;","_links":{"self":[{"href":"https:\/\/www.carbon-fiber-corp.com\/de\/wp-json\/wp\/v2\/product\/3185","targetHints":{"allow":["GET"]}}],"collection":[{"href":"https:\/\/www.carbon-fiber-corp.com\/de\/wp-json\/wp\/v2\/product"}],"about":[{"href":"https:\/\/www.carbon-fiber-corp.com\/de\/wp-json\/wp\/v2\/types\/product"}],"wp:featuredmedia":[{"embeddable":true,"href":"https:\/\/www.carbon-fiber-corp.com\/de\/wp-json\/wp\/v2\/media\/3168"}],"wp:attachment":[{"href":"https:\/\/www.carbon-fiber-corp.com\/de\/wp-json\/wp\/v2\/media?parent=3185"}],"wp:term":[{"taxonomy":"product_brand","embeddable":true,"href":"https:\/\/www.carbon-fiber-corp.com\/de\/wp-json\/wp\/v2\/product_brand?post=3185"},{"taxonomy":"product_cat","embeddable":true,"href":"https:\/\/www.carbon-fiber-corp.com\/de\/wp-json\/wp\/v2\/product_cat?post=3185"},{"taxonomy":"product_tag","embeddable":true,"href":"https:\/\/www.carbon-fiber-corp.com\/de\/wp-json\/wp\/v2\/product_tag?post=3185"}],"curies":[{"name":"wp","href":"https:\/\/api.w.org\/{rel}","templated":true}]}}